{"id":196,"date":"2023-02-17T14:53:34","date_gmt":"2023-02-17T14:53:34","guid":{"rendered":"https:\/\/guillermodagerperez.com\/web\/?page_id=196"},"modified":"2023-02-17T14:58:04","modified_gmt":"2023-02-17T14:58:04","slug":"historia","status":"publish","type":"page","link":"https:\/\/guillermodagerperez.com\/web\/?page_id=196","title":{"rendered":"Historia"},"content":{"rendered":"\t\t<div data-elementor-type=\"wp-page\" data-elementor-id=\"196\" class=\"elementor elementor-196\" data-elementor-post-type=\"page\">\n\t\t\t\t\t\t<section class=\"elementor-section elementor-top-section elementor-element elementor-element-78d5aba elementor-section-boxed elementor-section-height-default elementor-section-height-default\" data-id=\"78d5aba\" data-element_type=\"section\" data-e-type=\"section\">\n\t\t\t\t\t\t<div class=\"elementor-container elementor-column-gap-default\">\n\t\t\t\t\t<div class=\"elementor-column elementor-col-100 elementor-top-column elementor-element elementor-element-e455bc9\" data-id=\"e455bc9\" data-element_type=\"column\" data-e-type=\"column\">\n\t\t\t<div class=\"elementor-widget-wrap elementor-element-populated\">\n\t\t\t\t\t\t<div class=\"elementor-element elementor-element-4e4ee61 elementor-headline--style-highlight elementor-widget elementor-widget-animated-headline\" data-id=\"4e4ee61\" data-element_type=\"widget\" data-e-type=\"widget\" data-settings=\"{&quot;marker&quot;:&quot;underline&quot;,&quot;highlighted_text&quot;:&quot;Historia&quot;,&quot;headline_style&quot;:&quot;highlight&quot;,&quot;loop&quot;:&quot;yes&quot;,&quot;highlight_animation_duration&quot;:1200,&quot;highlight_iteration_delay&quot;:8000}\" data-widget_type=\"animated-headline.default\">\n\t\t\t\t<div class=\"elementor-widget-container\">\n\t\t\t\t\t\t\t<h3 class=\"elementor-headline\">\n\t\t\t\t<span class=\"elementor-headline-dynamic-wrapper elementor-headline-text-wrapper\">\n\t\t\t\t\t<span class=\"elementor-headline-dynamic-text elementor-headline-text-active\">Historia<\/span>\n\t\t\t\t<\/span>\n\t\t\t\t<\/h3>\n\t\t\t\t\t\t<\/div>\n\t\t\t\t<\/div>\n\t\t\t\t\t<\/div>\n\t\t<\/div>\n\t\t\t\t\t<\/div>\n\t\t<\/section>\n\t\t\t\t<section class=\"elementor-section elementor-top-section elementor-element elementor-element-df20937 elementor-section-boxed elementor-section-height-default elementor-section-height-default\" data-id=\"df20937\" data-element_type=\"section\" data-e-type=\"section\">\n\t\t\t\t\t\t<div class=\"elementor-container elementor-column-gap-default\">\n\t\t\t\t\t<div class=\"elementor-column elementor-col-100 elementor-top-column elementor-element elementor-element-c667606\" data-id=\"c667606\" data-element_type=\"column\" data-e-type=\"column\">\n\t\t\t<div class=\"elementor-widget-wrap elementor-element-populated\">\n\t\t\t\t\t\t<div class=\"elementor-element elementor-element-46b94ac elementor-widget elementor-widget-text-editor\" data-id=\"46b94ac\" data-element_type=\"widget\" data-e-type=\"widget\" data-widget_type=\"text-editor.default\">\n\t\t\t\t<div class=\"elementor-widget-container\">\n\t\t\t\t\t\t\t\t\t<p style=\"font-weight: 400;\">Enfoca el tratamiento y la salud mental bajo un concepto biospicosocial entendiendo que el\u00a0 ser humano es \u00fanico e indivisible y debe haber una adecuada armon\u00eda entre cuerpo mente e interacci\u00f3n psicosocial.<\/p><p style=\"font-weight: 400;\">Combina de forma adecuada el tratamiento m\u00e9dico con psicof\u00e1rmacos y psicoterap\u00e9utico para brindar un abordaje completo de las enfermedades mentales.<\/p><p style=\"font-weight: 400;\">El enfoque psicoterap\u00e9utico est\u00e1 basado en los principios de la teor\u00eda psicoanal\u00edtica desarrollada por Freud el cual considera a cada ser humano \u00fanico, lo que lo hace autentico, \u00a0por tal motivo se debe ajustar el tratamiento a cada paciente como especial y este debe ser individualizado a las sus necesidad y el \u00a0entorno social y cultural donde se desenvuelve.<\/p><p style=\"font-weight: 400;\">Esto sin dejar de lado los recientes avances en el campo de las \u00a0neurociencias y el mejor conocimiento que se tiene en la actualidad sobre el cerebro y su funci\u00f3n, \u00a0semiento b\u00e1sico de la mente, por lo que est\u00e1 a la vanguardia de los nuevos avances en el campo de la psiquiatr\u00eda biol\u00f3gica y sus grandes aportes a la salud mental desarrollada a mediados del siglo pasado.<\/p><p style=\"font-weight: 400;\">Adem\u00e1s de todo lo anterior el Dr. Guillermo Dager ha trabajado en la educci\u00f3n\u00a0 b\u00e1sica por m\u00e1s de 10 a\u00f1os\u00a0 teniendo formaci\u00f3n a honores\u00a0 por la ODAE\u00a0 \u00a0lo que \u00a0lo ha vinculado al manejo de los procesos de psicopedagog\u00eda\u00a0 y de inclusi\u00f3n en el colegio camino del coral de Cartagena.<\/p>\t\t\t\t\t\t\t\t<\/div>\n\t\t\t\t<\/div>\n\t\t\t\t\t<\/div>\n\t\t<\/div>\n\t\t\t\t\t<\/div>\n\t\t<\/section>\n\t\t\t\t<\/div>\n\t\t","protected":false},"excerpt":{"rendered":"<p>Historia Enfoca el tratamiento y la salud mental bajo un concepto biospicosocial entendiendo que el\u00a0 ser humano es \u00fanico e indivisible y debe haber una adecuada armon\u00eda entre cuerpo mente e interacci\u00f3n psicosocial. Combina de forma adecuada el tratamiento m\u00e9dico con psicof\u00e1rmacos y psicoterap\u00e9utico para brindar un abordaje completo de las enfermedades mentales. El enfoque [&hellip;]<\/p>\n","protected":false},"author":2,"featured_media":0,"parent":0,"menu_order":0,"comment_status":"closed","ping_status":"closed","template":"","meta":{"footnotes":""},"class_list":["post-196","page","type-page","status-publish","hentry"],"_links":{"self":[{"href":"https:\/\/guillermodagerperez.com\/web\/index.php?rest_route=\/wp\/v2\/pages\/196","targetHints":{"allow":["GET"]}}],"collection":[{"href":"https:\/\/guillermodagerperez.com\/web\/index.php?rest_route=\/wp\/v2\/pages"}],"about":[{"href":"https:\/\/guillermodagerperez.com\/web\/index.php?rest_route=\/wp\/v2\/types\/page"}],"author":[{"embeddable":true,"href":"https:\/\/guillermodagerperez.com\/web\/index.php?rest_route=\/wp\/v2\/users\/2"}],"replies":[{"embeddable":true,"href":"https:\/\/guillermodagerperez.com\/web\/index.php?rest_route=%2Fwp%2Fv2%2Fcomments&post=196"}],"version-history":[{"count":4,"href":"https:\/\/guillermodagerperez.com\/web\/index.php?rest_route=\/wp\/v2\/pages\/196\/revisions"}],"predecessor-version":[{"id":202,"href":"https:\/\/guillermodagerperez.com\/web\/index.php?rest_route=\/wp\/v2\/pages\/196\/revisions\/202"}],"wp:attachment":[{"href":"https:\/\/guillermodagerperez.com\/web\/index.php?rest_route=%2Fwp%2Fv2%2Fmedia&parent=196"}],"curies":[{"name":"wp","href":"https:\/\/api.w.org\/{rel}","templated":true}]}}